{"id":50,"date":"2023-10-22T15:27:33","date_gmt":"2023-10-22T13:27:33","guid":{"rendered":"https:\/\/www.fliesen-andrulewicz.de\/?page_id=50"},"modified":"2025-02-19T21:25:51","modified_gmt":"2025-02-19T20:25:51","slug":"galerie","status":"publish","type":"page","link":"https:\/\/www.fliesen-andrulewicz.de\/index.php\/galerie\/","title":{"rendered":"\u00dcber uns"},"content":{"rendered":"<div  class=\"tatsu-SyUZXifzp tatsu-section  tatsu-fullscreen tatsu-bg-overlay   tatsu-clearfix\" data-title=\"\"  data-headerscheme=\"background--dark\"><div class=\"tatsu-fullscreen-wrap\"><div class='tatsu-section-pad clearfix' data-padding='{\"d\":\"90px 0px 90px 0px\"}' data-padding-top='90px'><div class=\"tatsu-row-wrap  tatsu-wrap tatsu-row-one-col tatsu-row-has-one-cols tatsu-medium-gutter tatsu-reg-cols  tatsu-clearfix tatsu-B1l8bmsffT\" ><div  class=\"tatsu-row \" ><div  class=\"tatsu-column  tatsu-column-no-bg tatsu-one-col tatsu-column-image-none tatsu-column-effect-none  tatsu-ByZ8bmozMp\"  data-parallax-speed=\"0\" style=\"\"><div class=\"tatsu-column-inner \" ><div class=\"tatsu-column-pad-wrap\"><div class=\"tatsu-column-pad\" ><div  class=\"tatsu-module tatsu-inline-text clearfix tatsu-rkGLZ7szzp   \" ><style>.tatsu-rkGLZ7szzp .tatsu-inline-text-inner{width: 100%;text-align: left;}.tatsu-rkGLZ7szzp.tatsu-inline-text{margin: 0px 0px 20px 0px ;}<\/style><div class=\"tatsu-inline-text-inner tatsu-align-center\">\n<h6 style=\"text-align: center;\"><span style=\"color: #ffffff;\">\u00dcber uns<\/span><\/h6>\n<\/div><\/div><div  class=\"tatsu-module tatsu-inline-text clearfix tatsu-BkmUZ7izf6   \" ><style>.tatsu-BkmUZ7izf6 .tatsu-inline-text-inner{width: 100%;text-align: left;}.tatsu-BkmUZ7izf6.tatsu-inline-text{margin: 0px 0px 20px 0px ;}<\/style><div class=\"tatsu-inline-text-inner tatsu-align-center\">\n<h1 style=\"text-align: center;\"><span style=\"color: #ffffff;\">ANDRULEWICZ BAUSERVICE<\/span><\/h1>\n<\/div><\/div><div  class=\"tatsu-module tatsu-inline-text clearfix tatsu-B14L-QifMa   \" ><style>.tatsu-B14L-QifMa .tatsu-inline-text-inner{width: 100%;text-align: center;}<\/style><div class=\"tatsu-inline-text-inner tatsu-align-center\">\n<p style=\"text-align: center;\"><span style=\"color: #ffffff;\">Wir sind ein Unternehmen, das hochwertige Renovierungsdienstleistungen anbietet.<\/span><\/p>\n<\/div><\/div><\/div><\/div><div class = \"tatsu-column-bg-image-wrap\"><div class = \"tatsu-column-bg-image\" ><\/div><\/div><\/div><style>.tatsu-row > .tatsu-ByZ8bmozMp.tatsu-column{width: 100%;}.tatsu-ByZ8bmozMp.tatsu-column > .tatsu-column-inner > .tatsu-column-overlay{mix-blend-mode: none;}.tatsu-ByZ8bmozMp > .tatsu-column-inner > .tatsu-top-divider{z-index: 9999;}.tatsu-ByZ8bmozMp > .tatsu-column-inner > .tatsu-bottom-divider{z-index: 9999;}.tatsu-ByZ8bmozMp > .tatsu-column-inner > .tatsu-left-divider{z-index: 9999;}.tatsu-ByZ8bmozMp > .tatsu-column-inner > .tatsu-right-divider{z-index: 9999;}<\/style><\/div><\/div><\/div><\/div><div class=\"tatsu-section-background-wrap\"><div class = \"tatsu-section-background\" ><\/div><\/div><div class=\"tatsu-overlay tatsu-section-overlay\"><\/div><\/div><style>.tatsu-SyUZXifzp.tatsu-section{background-color: rgba(0,0,0,1);}.tatsu-SyUZXifzp .tatsu-section-background{background-image: url(https:\/\/www.fliesen-andrulewicz.de\/wp-content\/uploads\/2025\/02\/279594960_3175158856145463_4144150828445950539_n.jpg);background-repeat: no-repeat;background-attachment: fixed;background-position: top left;background-size: cover;}.tatsu-SyUZXifzp .tatsu-bg-blur{background-repeat: no-repeat;background-attachment: fixed;background-position: top left;background-size: cover;}.tatsu-SyUZXifzp .tatsu-section-pad{padding: 90px 0px 90px 0px;}.tatsu-SyUZXifzp > .tatsu-bottom-divider{z-index: 9999;}.tatsu-SyUZXifzp > .tatsu-top-divider{z-index: 9999;}.tatsu-SyUZXifzp .tatsu-section-overlay{background: rgba(0,0,0,0.4);mix-blend-mode: normal;}.tatsu-SyUZXifzp .tatsu-fullscreen-wrap{align-items: center;}<\/style><\/div><div  class=\"tatsu-ByzP0hGf6 tatsu-section    tatsu-clearfix\" data-title=\"\"  data-headerscheme=\"background--dark\"><div class='tatsu-section-pad clearfix' data-padding='{\"d\":\"35px 0px 91px 0px\"}' data-padding-top='35px'><div class=\"tatsu-row-wrap  tatsu-wrap tatsu-row-has-one-half tatsu-row-has-two-cols tatsu-medium-gutter tatsu-reg-cols  tatsu-clearfix tatsu-S1gfvC2Gz6\" ><div  class=\"tatsu-row \" ><div  class=\"tatsu-column  tatsu-column-no-bg tatsu-one-half tatsu-column-align-middle tatsu-column-image-none tatsu-column-effect-none  tatsu-r1bGDRhzzT\"  data-parallax-speed=\"0\" style=\"\"><div class=\"tatsu-column-inner \" ><div class=\"tatsu-column-pad-wrap\"><div class=\"tatsu-column-pad\" ><div  class=\"tatsu-module tatsu-inline-text clearfix tatsu-rkzMvRhfGT   tatsu-animate\" data-animation=\"zoomIn\"  ><style>.tatsu-rkzMvRhfGT .tatsu-inline-text-inner{width: 100%;text-align: left;background-color: rgba(0,0,0,0.63);}<\/style><div class=\"tatsu-inline-text-inner tatsu-align-center\">\n<h4><span style=\"color: #ffffff;\">F\u00fcr uns ist nichts unm\u00f6glich \u2013 \u00fcberzeugen Sie sich selbst!<\/span><\/h4>\n<h6><span style=\"color: #ffffff;\">Andrulewicz Bauservice bietet seit 2003 Fliesenlegerarbeiten an. Wir sind in Braunschweig und Umgebung t\u00e4tig. Wir bieten Fliesen-, Fliesenleger- und andere Renovierungsdienstleistungen an. Wir arbeiten sowohl f\u00fcr Privatkunden als auch f\u00fcr Unternehmen. Wir f\u00fchren Arbeiten in Industrieanlagen, Einfamilien- und Mehrfamilienh\u00e4usern durch. Wir verlegen Wandbel\u00e4ge, verlegen Fu\u00dfb\u00f6den und verlegen Innen- und Au\u00dfentreppen mit Fliesen. Wir f\u00fchren auch die Abdichtung von Balkonen und Terrassen durch.<\/span><\/h6>\n<h6><span style=\"color: #ffffff;\">Langj\u00e4hrige Erfahrung und erworbene Qualifikationen erm\u00f6glichen es uns, die Erwartungen der anspruchsvollsten Kunden zu erf\u00fcllen. Wir sind professionell, verwenden bei der Arbeit fortschrittliche Werkzeuge und achten auch auf die hohe Qualit\u00e4t des Endeffekts. Deshalb achten wir bei der Arbeit auf jedes noch so kleine Detail. Durch die Teilnahme an zahlreichen Schulungen entwickeln wir bereits erworbene F\u00e4higkeiten weiter und erlangen Kenntnisse \u00fcber die neuesten Technologien.<\/span><\/h6>\n<h6><span style=\"color: #ffffff;\">Wir bieten professionelle Beratung in jeder Phase der Dienstleistung. Was uns von anderen Unternehmen, die Fliesenarbeiten in der Region anbieten, unterscheidet, ist unsere P\u00fcnktlichkeit und wettbewerbsf\u00e4hige Preise. Wir sind von der Qualit\u00e4t der finalen Umsetzung \u00fcberzeugt.<\/span><\/h6>\n<h6><span style=\"color: #ffffff;\">Um den Anforderungen des Kunden gerecht zu werden, bieten wir die Verlegung von gro\u00dfformatigen Fliesen und Mosaiken an, was unser Unternehmen noch attraktiver macht.<\/span><\/h6>\n<\/div><\/div><\/div><\/div><div class = \"tatsu-column-bg-image-wrap\"><div class = \"tatsu-column-bg-image\" ><\/div><\/div><\/div><style>.tatsu-row > .tatsu-r1bGDRhzzT.tatsu-column{width: 50%;}.tatsu-r1bGDRhzzT.tatsu-column > .tatsu-column-inner > .tatsu-column-overlay{mix-blend-mode: none;}.tatsu-r1bGDRhzzT > .tatsu-column-inner > .tatsu-top-divider{z-index: 9999;}.tatsu-r1bGDRhzzT > .tatsu-column-inner > .tatsu-bottom-divider{z-index: 9999;}.tatsu-r1bGDRhzzT > .tatsu-column-inner > .tatsu-left-divider{z-index: 9999;}.tatsu-r1bGDRhzzT > .tatsu-column-inner > .tatsu-right-divider{z-index: 9999;}@media only screen and (max-width: 767px) {.tatsu-row > .tatsu-r1bGDRhzzT.tatsu-column{width: 100%;}}<\/style><\/div><div  class=\"tatsu-column  tatsu-column-no-bg tatsu-one-half tatsu-column-align-middle tatsu-column-image-none tatsu-column-effect-none  tatsu-Sy4GPA2MGp\"  data-parallax-speed=\"0\" style=\"\"><div class=\"tatsu-column-inner \" ><div class=\"tatsu-column-pad-wrap\"><div class=\"tatsu-column-pad\" ><div  class=\"tatsu-single-image tatsu-module tatsu-image-lazyload tatsu-Skeza2Q9yg  \" ><div class=\"tatsu-single-image-inner \" style=\"width : 2016px;\" ><div class = \"tatsu-single-image-padding-wrap\" style = \"padding-bottom : 75%;\" ><\/div><img class = \"tatsu-gradient-border\" alt = \"\" title = \"395180502_833180665219486_6236890790369651939_n\" data-src = \"https:\/\/www.fliesen-andrulewicz.de\/wp-content\/uploads\/2025\/02\/395180502_833180665219486_6236890790369651939_n.jpg\" src =\"data:image\/png;base64,iVBORw0KGgoAAAANSUhEUgAAAAEAAAABCAQAAAC1HAwCAAAAC0lEQVR42mNkYAAAAAYAAjCB0C8AAAAASUVORK5CYII=\"  \/><\/div><style>.tatsu-Skeza2Q9yg .tatsu-single-image-inner{border-style: solid;max-width: 100%;}.tatsu-Skeza2Q9yg.tatsu-single-image{transform: translate3d(0px,0px, 0);}<\/style><\/div><\/div><\/div><div class = \"tatsu-column-bg-image-wrap\"><div class = \"tatsu-column-bg-image\" ><\/div><\/div><\/div><style>.tatsu-row > .tatsu-Sy4GPA2MGp.tatsu-column{width: 50%;}.tatsu-Sy4GPA2MGp.tatsu-column > .tatsu-column-inner > .tatsu-column-overlay{mix-blend-mode: none;}.tatsu-Sy4GPA2MGp > .tatsu-column-inner > .tatsu-top-divider{z-index: 9999;}.tatsu-Sy4GPA2MGp > .tatsu-column-inner > .tatsu-bottom-divider{z-index: 9999;}.tatsu-Sy4GPA2MGp > .tatsu-column-inner > .tatsu-left-divider{z-index: 9999;}.tatsu-Sy4GPA2MGp > .tatsu-column-inner > .tatsu-right-divider{z-index: 9999;}@media only screen and (max-width: 767px) {.tatsu-row > .tatsu-Sy4GPA2MGp.tatsu-column{width: 100%;}}<\/style><\/div><\/div><\/div><\/div><div class=\"tatsu-section-background-wrap\"><div class = \"tatsu-section-background\" ><\/div><\/div><style>.tatsu-ByzP0hGf6.tatsu-section{background-color: rgba(255,255,255,1);}.tatsu-ByzP0hGf6 .tatsu-section-background{background-image: url(https:\/\/www.fliesen-andrulewicz.de\/wp-content\/uploads\/2025\/02\/395046668_759287289402073_4021179783596757018_n.jpg);background-repeat: no-repeat;background-attachment: fixed;background-position: top left;background-size: cover;}.tatsu-ByzP0hGf6 .tatsu-bg-blur{background-repeat: no-repeat;background-attachment: fixed;background-position: top left;background-size: cover;}.tatsu-ByzP0hGf6 .tatsu-section-pad{padding: 35px 0px 91px 0px;}.tatsu-ByzP0hGf6 > .tatsu-bottom-divider{z-index: 9999;}.tatsu-ByzP0hGf6 > .tatsu-top-divider{z-index: 9999;}<\/style><\/div>\n","protected":false},"excerpt":{"rendered":"<p><a href=\"https:\/\/www.fliesen-andrulewicz.de\/index.php\/galerie\/\" class=\"more-link style1-button\">Weiterlesen<\/a><\/p>","protected":false},"author":1,"featured_media":0,"parent":0,"menu_order":0,"comment_status":"closed","ping_status":"closed","template":"","meta":{"footnotes":""},"class_list":["post-50","page","type-page","status-publish","hentry"],"_links":{"self":[{"href":"https:\/\/www.fliesen-andrulewicz.de\/index.php\/wp-json\/wp\/v2\/pages\/50","targetHints":{"allow":["GET"]}}],"collection":[{"href":"https:\/\/www.fliesen-andrulewicz.de\/index.php\/wp-json\/wp\/v2\/pages"}],"about":[{"href":"https:\/\/www.fliesen-andrulewicz.de\/index.php\/wp-json\/wp\/v2\/types\/page"}],"author":[{"embeddable":true,"href":"https:\/\/www.fliesen-andrulewicz.de\/index.php\/wp-json\/wp\/v2\/users\/1"}],"replies":[{"embeddable":true,"href":"https:\/\/www.fliesen-andrulewicz.de\/index.php\/wp-json\/wp\/v2\/comments?post=50"}],"version-history":[{"count":2,"href":"https:\/\/www.fliesen-andrulewicz.de\/index.php\/wp-json\/wp\/v2\/pages\/50\/revisions"}],"predecessor-version":[{"id":113,"href":"https:\/\/www.fliesen-andrulewicz.de\/index.php\/wp-json\/wp\/v2\/pages\/50\/revisions\/113"}],"wp:attachment":[{"href":"https:\/\/www.fliesen-andrulewicz.de\/index.php\/wp-json\/wp\/v2\/media?parent=50"}],"curies":[{"name":"wp","href":"https:\/\/api.w.org\/{rel}","templated":true}]}}